{"id":823,"date":"2016-10-14T16:11:40","date_gmt":"2016-10-14T14:11:40","guid":{"rendered":"http:\/\/collien.com\/en\/collien\/"},"modified":"2016-10-14T16:16:52","modified_gmt":"2016-10-14T14:16:52","slug":"collien","status":"publish","type":"page","link":"https:\/\/collien.com\/en\/collien\/","title":{"rendered":"Collien"},"content":{"rendered":"<div id=\"pl-823\"  class=\"panel-layout\" ><div id=\"pg-823-0\"  class=\"panel-grid panel-no-style\" ><div id=\"pgc-823-0-0\"  class=\"panel-grid-cell\" ><div id=\"panel-823-0-0-0\" class=\"so-panel widget widget_cl-headline-widget panel-first-child\" data-index=\"0\" ><div\n\t\t\t\n\t\t\tclass=\"so-widget-cl-headline-widget so-widget-cl-headline-widget-cl-headline-widget-d75171398898-823\"\n\t\t\t\n\t\t><h1>Das Unternehmen<\/h1>\n<h2>Collien Konzert &amp; Theater GmbH<\/h2>\n<\/div><\/div><div id=\"panel-823-0-0-1\" class=\"so-panel widget widget_black-studio-tinymce widget_black_studio_tinymce panel-last-child\" data-index=\"1\" ><div class=\"textwidget\"><p class=\"text\">Der Name \u00bbCollien\u00ab ist schon seit den drei\u00dfiger Jahren bekannt f\u00fcr gro\u00dfartiges Konzert-Management. Kurt Collien gr\u00fcndete 1932 die legend\u00e4re Konzertdirektion Collien, mit der er Stars wie Maria Callas und Marlene Dietrich nach Deutschland holte. Unter anderem betrieb er den Zirkus Grock, das Theater am Besenbinderhof und das Hamburger Operettenhaus.1970 \u00fcbernahm er ebenfalls die Leitung des St. Pauli Theaters in Hamburg. Michael Collien, sein Sohn, stieg 1958 in die Konzertdirektion ein, die er ab 1981 leitete. Gemeinsam mit seinem Vater brachte er jahrzehntelang Weltstars aus allen Sparten des Showgesch\u00e4ftes auf Deutschlands und speziell Hamburger B\u00fchnen, z.B. Zarah Leander, The Beatles, Bill Haley, Jazzlegenden wie Count Basie, Duke Ellington, Ella Fitzgerald und Mahalia Jackson oder aus dem klassischen Fach Giuseppe di Stefano und Anna Moffo. In dritter Generation stieg 1987 Thomas Collien in das Unternehmen mit ein. Seit 2001 leitet er allein das \u00bbFamilienstammhaus\u00ab St. Pauli Theater, seit 2003 gemeinsam mit seinem Partner Ulrich Waller; mit Waller bespielt er auch seit Januar 2009 das ber\u00fchmte Hansa Variet\u00e9 Theater. Seit 26 Jahren betreut er Tourneen, Produktionen und Koproduktionen von internationalen Shows, wie z.B. \u00bbThe Bar at Buena Vista\u00ab, oder \u00bbRock the Ballet\u00ab, die Musik-Revue \u00bbHeisse Zeiten\u00ab, oder in Koproduktion mit Stage Entertainment das Udo-Lindenberg-Musical \u00bbHinterm Horizont\u00ab sowie diverse Theaterproduktionen.<\/p>\n<p class=\"text\">1998 gr\u00fcndete Thomas Collien neben seinem Engagement f\u00fcr die \u00bbFamiliengesch\u00e4fte\u00ab das eigene Unternehmen Collien Konzert und Theater GmbH, mit der er Produktionen vor allem im Showbereich produziert und vermarktet. Thomas Collien profitiert von den jahrzehntelangen Kontakten zur internationalen Show- und Unterhaltungsbranche. Er bringt Unterhaltungsformate, ob Kabarett- oder Comedy-Produktionen sowie Tanz- und Musikshows und Theaterinszenierungen an diverse B\u00fchnen. 2008 trat Oliver Oehrlein als Gesellschafter in das Unternehmen ein, dem er bereits seit 2002 als Gesch\u00e4ftsf\u00fchrer angeh\u00f6rte.<\/p>\n<p class=\"text\">Collien Konzert &amp; Theater GmbH produziert und tourt mit internationalen Shows, wie \u00bbTango Pasi\u00f3n\u00ab, \u00bbThe Bar at Buena Vista\u00ab, \u00bbBorn to Samba\u00ab, \u00bbBollywood \u2013 The Show\u00ab, \u00bbLady Salsa\u00ab, \u00bbTAO\u00ab, \u00bbRock the Ballet\u00ab, \u00bbTap Stars\u00ab, \u00bbRomeo and Juliet\u00ab oder \u00bbThe 27 Club\u00ab. Viele dieser Produktionen feierten in der Heimatstadt Hamburg Deutschland-Premiere und gingen von dort aus um die Welt.<\/p>\n<\/div><\/div><\/div><div id=\"pgc-823-0-1\"  class=\"panel-grid-cell\" ><div id=\"panel-823-0-1-0\" class=\"so-panel widget widget_cl-headline-widget panel-first-child\" data-index=\"2\" ><div\n\t\t\t\n\t\t\tclass=\"so-widget-cl-headline-widget so-widget-cl-headline-widget-cl-headline-widget-d75171398898-823\"\n\t\t\t\n\t\t><h1> <br \/><\/h1>\n<h2> <br \/><\/h2>\n<\/div><\/div><div id=\"panel-823-0-1-1\" class=\"so-panel widget widget_black-studio-tinymce widget_black_studio_tinymce panel-last-child\" data-index=\"3\" ><h3 class=\"widget-title\">Collien Konzert &#038; Theater GmbH<\/h3><div class=\"textwidget\"><p><span class=\"text\">Gesch\u00e4ftsf\u00fchrer: Thomas Collien \/ Oliver Oehrlein<br \/>\u00a0<br \/> Spielbudenplatz 29-30<br \/> D-20359 Hamburg<br \/> Germany<br \/>\u00a0<br \/> Tel.: +49 (0)40-47 11 060<br \/> Fax.: +49 (0)40-319 19 19<br \/> <a href=\"mailto:info@collien.com\">info@collien.com<\/a><\/span><\/p>\n<\/div><\/div><\/div><\/div><\/div>","protected":false},"excerpt":{"rendered":"<p>Der Name \u00bbCollien\u00ab ist schon seit den drei\u00dfiger Jahren bekannt f\u00fcr gro\u00dfartiges Konzert-Management. Kurt Collien gr\u00fcndete 1932 die legend\u00e4re Konzertdirektion Collien, mit der er Stars wie Maria Callas und Marlene Dietrich nach Deutschland holte. Unter anderem betrieb er den Zirkus Grock, das Theater am Besenbinderhof und das Hamburger Operettenhaus.1970 \u00fcbernahm er ebenfalls die Leitung des [&hellip;]<\/p>\n","protected":false},"author":1,"featured_media":0,"parent":0,"menu_order":0,"comment_status":"closed","ping_status":"closed","template":"templates\/template-full-notitle.php","meta":{"footnotes":""},"class_list":["post-823","page","type-page","status-publish","hentry","post"],"_links":{"self":[{"href":"https:\/\/collien.com\/en\/wp-json\/wp\/v2\/pages\/823","targetHints":{"allow":["GET"]}}],"collection":[{"href":"https:\/\/collien.com\/en\/wp-json\/wp\/v2\/pages"}],"about":[{"href":"https:\/\/collien.com\/en\/wp-json\/wp\/v2\/types\/page"}],"author":[{"embeddable":true,"href":"https:\/\/collien.com\/en\/wp-json\/wp\/v2\/users\/1"}],"replies":[{"embeddable":true,"href":"https:\/\/collien.com\/en\/wp-json\/wp\/v2\/comments?post=823"}],"version-history":[{"count":1,"href":"https:\/\/collien.com\/en\/wp-json\/wp\/v2\/pages\/823\/revisions"}],"predecessor-version":[{"id":824,"href":"https:\/\/collien.com\/en\/wp-json\/wp\/v2\/pages\/823\/revisions\/824"}],"wp:attachment":[{"href":"https:\/\/collien.com\/en\/wp-json\/wp\/v2\/media?parent=823"}],"curies":[{"name":"wp","href":"https:\/\/api.w.org\/{rel}","templated":true}]}}