{"id":840,"date":"2016-10-14T17:31:54","date_gmt":"2016-10-14T15:31:54","guid":{"rendered":"http:\/\/collien.com\/en\/impressum\/"},"modified":"2018-06-20T22:59:22","modified_gmt":"2018-06-20T20:59:22","slug":"impressum","status":"publish","type":"page","link":"https:\/\/collien.com\/en\/impressum\/","title":{"rendered":"Impressum"},"content":{"rendered":"<div id=\"pl-840\"  class=\"panel-layout\" ><div id=\"pg-840-0\"  class=\"panel-grid panel-no-style\" ><div id=\"pgc-840-0-0\"  class=\"panel-grid-cell\" ><div id=\"panel-840-0-0-0\" class=\"so-panel widget widget_cl-headline-widget panel-first-child\" data-index=\"0\" ><div\n\t\t\t\n\t\t\tclass=\"so-widget-cl-headline-widget so-widget-cl-headline-widget-cl-headline-widget-d75171398898-840\"\n\t\t\t\n\t\t><h1>Rechtliches<\/h1>\n<\/div><\/div><div id=\"panel-840-0-0-1\" class=\"so-panel widget widget_black-studio-tinymce widget_black_studio_tinymce\" data-index=\"1\" ><div class=\"textwidget\"><p>Gem\u00e4\u00df der Richtlinie 2013\/11\/EU richtet die EU-Kommission eine Internetplattform zur Online-Beilegung von Streitigkeiten (\u201eOS-Plattform\u201c) zwischen Unternehmern und Verbrauchern ein. Diese ist unter folgendem Link erreichbar: <a href=\"https:\/\/webgate.ec.europa.eu\/odr\/main\/index.cfm?event=main.home.show&amp;lng=DE\" target=\"_blank\">https:\/\/webgate.ec.europa.eu\/odr\/main\/index.cfm?event=main.home.show&amp;lng=DE<\/a>.<\/p>\n<p>\u00a0<\/p>\n<\/div><\/div><div id=\"panel-840-0-0-2\" class=\"so-panel widget widget_cl-headline-widget\" data-index=\"2\" ><div class=\"panel-widget-style panel-widget-style-for-840-0-0-2\" ><div\n\t\t\t\n\t\t\tclass=\"so-widget-cl-headline-widget so-widget-cl-headline-widget-cl-headline-widget-d75171398898-840\"\n\t\t\t\n\t\t><h1>Haftungsausschluss<\/h1>\n<\/div><\/div><\/div><div id=\"panel-840-0-0-3\" class=\"so-panel widget widget_black-studio-tinymce widget_black_studio_tinymce\" data-index=\"3\" ><div class=\"panel-widget-style panel-widget-style-for-840-0-0-3\" ><h3 class=\"widget-title\">1. Inhalt des Onlineangebotes<\/h3><div class=\"textwidget\"><p>Die Collien Konzert &amp; Theater GmbH \u00fcbernimmt keinerlei Gew\u00e4hr f\u00fcr die Aktualit\u00e4t, Korrektheit, Vollst\u00e4ndigkeit oder Qualit\u00e4t der bereitgestellten Informationen.<\/p>\n<p>Haftungsanspr\u00fcche gegen die Collien Konzert &amp; Theater GmbH, welche sich auf Sch\u00e4den materieller oder ideeller Art beziehen, die durch die Nutzung oder Nichtnutzung der dargebotenen Informationen bzw. durch die Nutzung fehlerhafter und unvollst\u00e4ndiger Informationen verursacht wurden sind grunds\u00e4tzlich ausgeschlossen, sofern seitens der Collien Konzert &amp; Theater GmbH kein nachweislich vors\u00e4tzliches oder grob fahrl\u00e4ssiges Verschulden vorliegt.<\/p>\n<p>Alle Angebote sind freibleibend und unverbindlich.<\/p>\n<p>Die Collien Konzert &amp; Theater GmbH beh\u00e4lt es sich ausdr\u00fccklich vor, Teile der Seiten oder das gesamte Angebot ohne gesonderte Ank\u00fcndigung zu ver\u00e4ndern, zu erg\u00e4nzen, zu l\u00f6schen oder die Ver\u00f6ffentlichung zeitweise oder endg\u00fcltig einzustellen.<\/p>\n<\/div><\/div><\/div><div id=\"panel-840-0-0-4\" class=\"so-panel widget widget_black-studio-tinymce widget_black_studio_tinymce\" data-index=\"4\" ><div class=\"panel-widget-style panel-widget-style-for-840-0-0-4\" ><h3 class=\"widget-title\">2. Verweise und Links<\/h3><div class=\"textwidget\"><p>Bei direkten oder indirekten Verweisen auf fremde Internetseiten (\"Links\"), die au\u00dferhalb des Verantwortungsbereiches der Collien Konzert &amp; Theater GmbH liegen, w\u00fcrde eine Haftungsverpflichtung ausschlie\u00dflich in dem Fall in Kraft treten, in dem die Collien Konzert &amp; Theater GmbH von den Inhalten Kenntnis hat und es ihm technisch m\u00f6glich und zumutbar w\u00e4re, die Nutzung im Falle rechtswidriger Inhalte zu verhindern.<\/p>\n<p>Die Collien Konzert &amp; Theater GmbH erkl\u00e4rt hiermit ausdr\u00fccklich, dass zum Zeitpunkt der Linksetzung die entsprechenden verlinkten Seiten frei von illegalen Inhalten waren. Auf die aktuelle und zuk\u00fcnftige Gestaltung, die Inhalte oder die Urheberschaft der gelinkten\/verkn\u00fcpften Seiten hat der Autor keinerlei Einfluss.<\/p>\n<p>Deshalb distanziert er sich hiermit ausdr\u00fccklich von allen Inhalten aller gelinkten\/verkn\u00fcpften Seiten, die nach der Linksetzung ver\u00e4ndert wurden.<\/p>\n<p>Diese Feststellung gilt f\u00fcr alle innerhalb des eigenen Internetangebotes gesetzten Links und Verweise sowie f\u00fcr Fremdeintr\u00e4ge in vom Autor eingerichteten G\u00e4steb\u00fcchern, Diskussionsforen und Mailinglisten.<\/p>\n<p>F\u00fcr illegale, fehlerhafte oder unvollst\u00e4ndige Inhalte und insbesondere f\u00fcr Sch\u00e4den, die aus der Nutzung oder Nichtnutzung solcherart dargebotener Informationen entstehen, haftet allein der Anbieter der Seite, auf welche verwiesen wurde, nicht derjenige, der \u00fcber Links auf die jeweilige Ver\u00f6ffentlichung lediglich verweist.<\/p>\n<\/div><\/div><\/div><div id=\"panel-840-0-0-5\" class=\"so-panel widget widget_black-studio-tinymce widget_black_studio_tinymce\" data-index=\"5\" ><div class=\"panel-widget-style panel-widget-style-for-840-0-0-5\" ><h3 class=\"widget-title\">3. Urheber- und Kennzeichenrecht<\/h3><div class=\"textwidget\"><p>Die Collien Konzert &amp; Theater GmbH ist bestrebt, in allen Publikationen die Urheberrechte der verwendeten WebCam-Bilder, Grafiken, Tondokumente, Videosequenzen und Texte zu beachten, von ihm selbst erstellte WebCam-Bilder, Grafiken, Tondokumente, Videosequenzen und Texte zu nutzen oder auf lizenzfreie Grafiken, Tondokumente, Videosequenzen und Texte zur\u00fcckzugreifen. Alle innerhalb des Internetangebotes genannten und ggf. durch Dritte gesch\u00fctzten Marken- und Warenzeichen unterliegen uneingeschr\u00e4nkt den Bestimmungen des jeweils g\u00fcltigen Kennzeichenrechts und den Besitzrechten der jeweiligen eingetragenen Eigent\u00fcmer. Allein aufgrund der blo\u00dfen Nennung ist nicht der Schlu\u00df zu ziehen, dass Markenzeichen nicht durch Rechte Dritter gesch\u00fctzt sind!<\/p>\n<p>Das Copyright f\u00fcr ver\u00f6ffentlichte, der Collien Konzert &amp; Theater GmbH selbst erstellte Objekte bleibt allein beim Autor der Seiten.<\/p>\n<p>Eine Vervielf\u00e4ltigung oder Verwendung solcher WebCam-Bilder, Grafiken, Tondokumente, Videosequenzen und Texte in anderen elektronischen oder gedruckten Publikationen ist ohne ausdr\u00fcckliche Zustimmung der Collien Konzert &amp; Theater GmbH nicht gestattet.<\/p>\n<\/div><\/div><\/div><div id=\"panel-840-0-0-6\" class=\"so-panel widget widget_black-studio-tinymce widget_black_studio_tinymce\" data-index=\"6\" ><div class=\"panel-widget-style panel-widget-style-for-840-0-0-6\" ><h3 class=\"widget-title\">4. Datenschutzerkl\u00e4rung<\/h3><div class=\"textwidget\"><p>Unsere ausf\u00fchrliche Datenschutzerkl\u00e4rung finden Sie <a href=\"https:\/\/collien.com\/datenschutz\/\">hier<\/a>.<\/p>\n<\/div><\/div><\/div><div id=\"panel-840-0-0-7\" class=\"so-panel widget widget_black-studio-tinymce widget_black_studio_tinymce panel-last-child\" data-index=\"7\" ><div class=\"panel-widget-style panel-widget-style-for-840-0-0-7\" ><h3 class=\"widget-title\">5. Rechtswirksamkeit dieses Haftungsausschlusses<\/h3><div class=\"textwidget\"><p>Dieser Haftungsausschluss ist als Teil des Internetangebotes zu betrachten, von dem aus auf diese Seite verwiesen wurde. Sofern Teile oder einzelne Formulierungen dieses Textes der geltenden Rechtslage nicht, nicht mehr oder nicht vollst\u00e4ndig entsprechen sollten, bleiben die \u00fcbrigen Teile des Dokumentes in ihrem Inhalt und ihrer G\u00fcltigkeit davon unber\u00fchrt.<\/p>\n<\/div><\/div><\/div><\/div><div id=\"pgc-840-0-1\"  class=\"panel-grid-cell\" ><div id=\"panel-840-0-1-0\" class=\"so-panel widget widget_cl-headline-widget panel-first-child\" data-index=\"8\" ><div class=\"panel-widget-style panel-widget-style-for-840-0-1-0\" ><div\n\t\t\t\n\t\t\tclass=\"so-widget-cl-headline-widget so-widget-cl-headline-widget-cl-headline-widget-d75171398898-840\"\n\t\t\t\n\t\t><h1>Impressum<\/h1>\n<\/div><\/div><\/div><div id=\"panel-840-0-1-1\" class=\"so-panel widget widget_black-studio-tinymce widget_black_studio_tinymce\" data-index=\"9\" ><h3 class=\"widget-title\">Collien Konzert &#038; Theater GmbH<\/h3><div class=\"textwidget\"><p>Spielbudenplatz 29-30 <br \/> 20359 Hamburg <br \/> Telefon +49 (0)40 \u2013 47 11 06 0<br \/> info@collien.com<\/p>\n<p>Gesch\u00fcftsf\u00fchrer: <br \/>Thomas Collien, Oliver Oehrlein<br \/> HRB 65252<br \/> AG Hamburg<br \/> St.-Nr.: 46\/761\/01948<br \/> Ust-ID.: DE 189 336 298<\/p>\n<p>Hamburger Sparkasse<br \/> BLZ 200 505 50<br \/> Kto.-Nr.: 1206 125 799<br \/> IBAN: DE04 2005 0550 1206 1257 99<br \/> BIC: HASPDEHHXXX<\/p>\n<\/div><\/div><div id=\"panel-840-0-1-2\" class=\"so-panel widget widget_black-studio-tinymce widget_black_studio_tinymce panel-last-child\" data-index=\"10\" ><div class=\"textwidget\"><p>Grafische Grundkonzeption:<br \/>Annette von Keudell<br \/>Redesign und Umsetzung: <br \/>Piktoresk, Olaf Baldini<\/p>\n<\/div><\/div><\/div><\/div><\/div>","protected":false},"excerpt":{"rendered":"<p>Gem\u00e4\u00df der Richtlinie 2013\/11\/EU richtet die EU-Kommission eine Internetplattform zur Online-Beilegung von Streitigkeiten (\u201eOS-Plattform\u201c) zwischen Unternehmern und Verbrauchern ein. Diese ist unter folgendem Link erreichbar: https:\/\/webgate.ec.europa.eu\/odr\/main\/index.cfm?event=main.home.show&amp;lng=DE.\u00a0 Die Collien Konzert &amp; Theater GmbH \u00fcbernimmt keinerlei Gew\u00e4hr f\u00fcr die Aktualit\u00e4t, Korrektheit, Vollst\u00e4ndigkeit oder Qualit\u00e4t der bereitgestellten Informationen.Haftungsanspr\u00fcche gegen die Collien Konzert &amp; Theater GmbH, welche sich auf [&hellip;]<\/p>\n","protected":false},"author":1,"featured_media":0,"parent":0,"menu_order":0,"comment_status":"closed","ping_status":"closed","template":"templates\/template-full-notitle.php","meta":{"footnotes":""},"class_list":["post-840","page","type-page","status-publish","hentry","post"],"_links":{"self":[{"href":"https:\/\/collien.com\/en\/wp-json\/wp\/v2\/pages\/840","targetHints":{"allow":["GET"]}}],"collection":[{"href":"https:\/\/collien.com\/en\/wp-json\/wp\/v2\/pages"}],"about":[{"href":"https:\/\/collien.com\/en\/wp-json\/wp\/v2\/types\/page"}],"author":[{"embeddable":true,"href":"https:\/\/collien.com\/en\/wp-json\/wp\/v2\/users\/1"}],"replies":[{"embeddable":true,"href":"https:\/\/collien.com\/en\/wp-json\/wp\/v2\/comments?post=840"}],"version-history":[{"count":5,"href":"https:\/\/collien.com\/en\/wp-json\/wp\/v2\/pages\/840\/revisions"}],"predecessor-version":[{"id":1356,"href":"https:\/\/collien.com\/en\/wp-json\/wp\/v2\/pages\/840\/revisions\/1356"}],"wp:attachment":[{"href":"https:\/\/collien.com\/en\/wp-json\/wp\/v2\/media?parent=840"}],"curies":[{"name":"wp","href":"https:\/\/api.w.org\/{rel}","templated":true}]}}